{"id":4141,"date":"2018-05-17T07:43:56","date_gmt":"2018-05-17T07:43:56","guid":{"rendered":"http:\/\/vasasbasket.hu\/?page_id=4141"},"modified":"2025-05-02T12:51:03","modified_gmt":"2025-05-02T12:51:03","slug":"tao-dokumentumok","status":"publish","type":"page","link":"https:\/\/kosar.radobasket.hu\/index.php\/tao-dokumentumok\/","title":{"rendered":"TAO dokumentumok"},"content":{"rendered":"<div class=\"wpb-content-wrapper\"><p>[vc_row css_animation=&#8221;bounceInLeft&#8221; css=&#8221;.vc_custom_1733178712591{margin-top: -50px !important;}&#8221;][vc_column][vc_custom_heading text=&#8221;RADO KSE TAO dokumentumok&#8221; use_theme_fonts=&#8221;yes&#8221;][vc_separator color=&#8221;custom&#8221; align=&#8221;align_left&#8221; el_width=&#8221;10&#8243; accent_color=&#8221;#000000&#8243;][vc_empty_space][vc_column_text css=&#8221;&#8221;]<a href=\"https:\/\/kosar.radobasket.hu\/wp-content\/uploads\/2025\/05\/KSE-TAO-kerelem-2025.pdf\">RADO KSE k\u00e9relem 2025-2026 let\u00f6lt\u00e9s<\/a><\/p>\n<p><a href=\"https:\/\/kosar.radobasket.hu\/wp-content\/uploads\/2025\/05\/RadoKSE_Jovahagyo-hatarozat_20250430110846_ki_JH01_000167_2025_MKOSZ_20250430.pdf\">RADO KSE hat\u00e1rozat 2025-2026 let\u00f6lt\u00e9s<\/a><\/p>\n<hr \/>\n<p><a href=\"https:\/\/kosar.radobasket.hu\/wp-content\/uploads\/2024\/04\/RADO-KSE-kerelem-2024_25.pdf\">RADO KSE k\u00e9relem 2024-2025 let\u00f6lt\u00e9s<\/a><\/p>\n<p><a href=\"https:\/\/kosar.radobasket.hu\/wp-content\/uploads\/2024\/04\/RADO-KSE-hatarozat-2024_25.pdf\">RADO KSE hat\u00e1rozat 2024-2025 let\u00f6lt\u00e9s<\/a><\/p>\n<hr \/>\n<p><a href=\"https:\/\/kosar.radobasket.hu\/wp-content\/uploads\/2023\/04\/RADO-KSE-2023_24-kerelem.pdf\">RADO KSE k\u00e9relem 2023-2024 let\u00f6lt\u00e9s<\/a><\/p>\n<p><a href=\"https:\/\/kosar.radobasket.hu\/wp-content\/uploads\/2023\/04\/KSE-hatarozat-2023.pdf\">RADO KSE hat\u00e1rozat 2023-2024 let\u00f6lt\u00e9s<\/a><\/p>\n<hr \/>\n<p><a href=\"https:\/\/kosar.radobasket.hu\/wp-content\/uploads\/2022\/05\/KSE-SFP-2022_23.pdf\">RADO KSE k\u00e9relem 2022-2023 let\u00f6lt\u00e9s<\/a><\/p>\n<p><a href=\"https:\/\/kosar.radobasket.hu\/wp-content\/uploads\/2022\/05\/KSE-jh-hatarozat-2022.pdf\">RADO KSE hat\u00e1rozat 2022-2023 let\u00f6lt\u00e9s<\/a><\/p>\n<hr \/>\n<p><a href=\"https:\/\/kosar.radobasket.hu\/wp-content\/uploads\/2021\/05\/TAO-2021_22-kerelem-RADO-KSE.pdf\">RADO KSE k\u00e9relem 2021-2022 let\u00f6lt\u00e9se<\/a><\/p>\n<p><a href=\"https:\/\/kosar.radobasket.hu\/wp-content\/uploads\/2021\/05\/TAO-2021_22-SFP-hatarozat-RADO-KSE.pdf\" target=\"_blank\" rel=\"noopener noreferrer\">RADO KSE hat\u00e1rozat 2021-2022 let\u00f6lt\u00e9se<\/a><\/p>\n<hr \/>\n<p><a href=\"https:\/\/kosar.radobasket.hu\/wp-content\/uploads\/2020\/05\/KSE-k\u00e9relem-2020_2021.pdf\">RADO KSE k\u00e9relem 2020-2021 let\u00f6lt\u00e9se<\/a><\/p>\n<p><a href=\"https:\/\/kosar.radobasket.hu\/wp-content\/uploads\/2020\/05\/KSE-hat\u00e1rozat-2020_2021.pdf\" target=\"_blank\" rel=\"noopener noreferrer\">RADO KSE hat\u00e1rozat 2020-2021 let\u00f6lt\u00e9se<\/a><\/p>\n<hr \/>\n<p><a href=\"https:\/\/kosar.radobasket.hu\/wp-content\/uploads\/2020\/03\/SFP-piszkozat.pdf\">RADO KSE k\u00e9relem 2019 let\u00f6lt\u00e9se<\/a><\/p>\n<p><a href=\"http:\/\/dolphinx.eu\/test\/rado\/wp-content\/uploads\/2020\/01\/rado_kse_hatarozat_2019.pdf\" target=\"_blank\" rel=\"noopener noreferrer\">RADO KSE hat\u00e1rozat 2019 let\u00f6lt\u00e9se<\/a><\/p>\n<hr \/>\n<p><a href=\"http:\/\/dolphinx.eu\/test\/rado\/wp-content\/uploads\/2019\/04\/rado_kse_kerelem_2018.pdf\" target=\"_blank\" rel=\"noopener noreferrer\">RADO KSE k\u00e9relem 2018 let\u00f6lt\u00e9se<\/a><\/p>\n<p><a href=\"http:\/\/dolphinx.eu\/test\/rado\/wp-content\/uploads\/2019\/04\/rado_kse_hatarozat_2018.pdf\" target=\"_blank\" rel=\"noopener noreferrer\">RADO KSE hat\u00e1rozat 2018 let\u00f6lt\u00e9se<\/a><\/p>\n<hr \/>\n<p><a href=\"http:\/\/dolphinx.eu\/test\/rado\/wp-content\/uploads\/2018\/09\/rado_kse_kerelem_2017.pdf\" target=\"_blank\" rel=\"noopener noreferrer\">RADO KSE k\u00e9relem 2017 let\u00f6lt\u00e9se<\/a><\/p>\n<p><a href=\"http:\/\/dolphinx.eu\/test\/rado\/wp-content\/uploads\/2018\/09\/rado_kse_hatarozat_2017.pdf\" target=\"_blank\" rel=\"noopener noreferrer\">RADO KSE hat\u00e1rozat 2017 let\u00f6lt\u00e9se<\/a><\/p>\n<hr \/>\n<p><a href=\"http:\/\/dolphinx.eu\/test\/rado\/wp-content\/uploads\/2019\/04\/rado_kse_kerelem_2016.pdf\" target=\"_blank\" rel=\"noopener noreferrer\">RADO KSE k\u00e9relem 2016 let\u00f6lt\u00e9se<\/a><\/p>\n<p><a href=\"http:\/\/dolphinx.eu\/test\/rado\/wp-content\/uploads\/2019\/04\/rado_kse_hatarozat_2016.pdf\" target=\"_blank\" rel=\"noopener noreferrer\">RADO KSE hat\u00e1rozat 2016 let\u00f6lt\u00e9se<\/a><\/p>\n<hr \/>\n<p><a href=\"http:\/\/dolphinx.eu\/test\/rado\/wp-content\/uploads\/2019\/04\/rado_kse_kerelem_2015.pdf\" target=\"_blank\" rel=\"noopener noreferrer\">RADO KSE k\u00e9relem 2015 let\u00f6lt\u00e9se<\/a><\/p>\n<p><a href=\"http:\/\/dolphinx.eu\/test\/rado\/wp-content\/uploads\/2019\/04\/rado_kse_hatarozat_2015.pdf\" target=\"_blank\" rel=\"noopener noreferrer\">RADO KSE hat\u00e1rozat 2015 let\u00f6lt\u00e9se<\/a><\/p>\n<hr \/>\n<p><a href=\"http:\/\/dolphinx.eu\/test\/rado\/wp-content\/uploads\/2019\/04\/rado_kse_kerelem_2014.pdf\">RADO KSE k\u00e9relem 2014 let\u00f6lt\u00e9se<\/a><\/p>\n<p><a href=\"http:\/\/dolphinx.eu\/test\/rado\/wp-content\/uploads\/2019\/04\/rado_kse_hatarozat_2014.pdf\" target=\"_blank\" rel=\"noopener noreferrer\">RADO KSE hat\u00e1rozat 2014 let\u00f6lt\u00e9se<\/a><\/p>\n<hr \/>\n<p><a href=\"https:\/\/kosar.radobasket.hu\/wp-content\/uploads\/2021\/05\/TAO-2021_22-kerelem-RADO-KSE.pdf\" target=\"_blank\" rel=\"noopener noreferrer\">RADO KSE k\u00e9relem 2013 let\u00f6lt\u00e9se<\/a><\/p>\n<p><a href=\"https:\/\/kosar.radobasket.hu\/wp-content\/uploads\/2021\/05\/TAO-2021_22-SFP-hatarozat-RADO-KSE.pdf\" target=\"_blank\" rel=\"noopener noreferrer\">RADO KSE hat\u00e1rozat 2013 let\u00f6lt\u00e9se<\/a><\/p>\n<hr \/>\n<p><a href=\"http:\/\/dolphinx.eu\/test\/rado\/wp-content\/uploads\/2019\/04\/rado_kse_hatarozat_2012.pdf\" target=\"_blank\" rel=\"noopener noreferrer\">RADO KSE hat\u00e1rozat 2012 let\u00f6lt\u00e9se<\/a><\/p>\n<p><a href=\"http:\/\/dolphinx.eu\/test\/rado\/wp-content\/uploads\/2019\/04\/rado_kse_hatarozat_2011.pdf\" target=\"_blank\" rel=\"noopener noreferrer\">RADO KSE hat\u00e1rozat 2011 let\u00f6lt\u00e9se<\/a>[\/vc_column_text][\/vc_column][\/vc_row]<\/p>\n<\/div>","protected":false},"excerpt":{"rendered":"<p>[vc_row css_animation=&#8221;bounceInLeft&#8221; css=&#8221;.vc_custom_1733178712591{margin-top: -50px !important;}&#8221;][vc_column][vc_custom_heading text=&#8221;RADO KSE TAO dokumentumok&#8221; use_theme_fonts=&#8221;yes&#8221;][vc_separator color=&#8221;custom&#8221; align=&#8221;align_left&#8221; el_width=&#8221;10&#8243; accent_color=&#8221;#000000&#8243;][vc_empty_space][vc_column_text css=&#8221;&#8221;]RADO KSE k\u00e9relem 2025-2026 let\u00f6lt\u00e9s RADO KSE hat\u00e1rozat 2025-2026 let\u00f6lt\u00e9s RADO KSE k\u00e9relem 2024-2025 let\u00f6lt\u00e9s RADO KSE hat\u00e1rozat 2024-2025 let\u00f6lt\u00e9s RADO KSE k\u00e9relem 2023-2024 let\u00f6lt\u00e9s RADO KSE hat\u00e1rozat 2023-2024 let\u00f6lt\u00e9s RADO KSE k\u00e9relem 2022-2023 let\u00f6lt\u00e9s RADO KSE hat\u00e1rozat 2022-2023 let\u00f6lt\u00e9s RADO&#8230;<\/p>\n","protected":false},"author":1,"featured_media":0,"parent":0,"menu_order":0,"comment_status":"closed","ping_status":"closed","template":"","meta":{"footnotes":""},"class_list":["post-4141","page","type-page","status-publish","hentry"],"_links":{"self":[{"href":"https:\/\/kosar.radobasket.hu\/index.php\/wp-json\/wp\/v2\/pages\/4141","targetHints":{"allow":["GET"]}}],"collection":[{"href":"https:\/\/kosar.radobasket.hu\/index.php\/wp-json\/wp\/v2\/pages"}],"about":[{"href":"https:\/\/kosar.radobasket.hu\/index.php\/wp-json\/wp\/v2\/types\/page"}],"author":[{"embeddable":true,"href":"https:\/\/kosar.radobasket.hu\/index.php\/wp-json\/wp\/v2\/users\/1"}],"replies":[{"embeddable":true,"href":"https:\/\/kosar.radobasket.hu\/index.php\/wp-json\/wp\/v2\/comments?post=4141"}],"version-history":[{"count":31,"href":"https:\/\/kosar.radobasket.hu\/index.php\/wp-json\/wp\/v2\/pages\/4141\/revisions"}],"predecessor-version":[{"id":6491,"href":"https:\/\/kosar.radobasket.hu\/index.php\/wp-json\/wp\/v2\/pages\/4141\/revisions\/6491"}],"wp:attachment":[{"href":"https:\/\/kosar.radobasket.hu\/index.php\/wp-json\/wp\/v2\/media?parent=4141"}],"curies":[{"name":"wp","href":"https:\/\/api.w.org\/{rel}","templated":true}]}}