{"id":4746,"date":"2020-01-07T07:56:02","date_gmt":"2020-01-07T07:56:02","guid":{"rendered":"http:\/\/dolphinx.eu\/test\/rado\/?page_id=4746"},"modified":"2025-08-02T20:28:21","modified_gmt":"2025-08-02T20:28:21","slug":"dokumentumok","status":"publish","type":"page","link":"https:\/\/kosar.radobasket.hu\/index.php\/dokumentumok\/","title":{"rendered":"Dokumentumok"},"content":{"rendered":"<div class=\"wpb-content-wrapper\"><p>[vc_row css=&#8221;.vc_custom_1555503152088{margin-top: -50px !important;}&#8221;][vc_column][vc_separator color=&#8221;custom&#8221; align=&#8221;align_left&#8221; el_width=&#8221;10&#8243; accent_color=&#8221;#000000&#8243;][vc_empty_space][vc_column_text css=&#8221;&#8221;]<a href=\"https:\/\/kosar.radobasket.hu\/wp-content\/uploads\/2020\/08\/RADO-KSE-Alapszab\u00e1ly-2015-11-13.pdf\">RADO KSE Alapszab\u00e1ly let\u00f6lt\u00e9s<\/a><\/p>\n<hr \/>\n<p><a href=\"https:\/\/kosar.radobasket.hu\/wp-content\/uploads\/2024\/07\/Rado_Merleg_2023.pdf\">RADO KSE Besz\u00e1mol\u00f3 2023 let\u00f6lt\u00e9s<\/a><\/p>\n<hr \/>\n<p><a href=\"https:\/\/kosar.radobasket.hu\/wp-content\/uploads\/2024\/07\/Rado_Merleg_2022.pdf\">RADO KSE Besz\u00e1mol\u00f3 2022 let\u00f6lt\u00e9s<\/a><\/p>\n<hr \/>\n<p><a href=\"https:\/\/kosar.radobasket.hu\/wp-content\/uploads\/2024\/07\/Rado_Merleg_2021.pdf\">RADO KSE Besz\u00e1mol\u00f3 2021 let\u00f6lt\u00e9s<\/a><\/p>\n<hr \/>\n<p><a href=\"https:\/\/kosar.radobasket.hu\/wp-content\/uploads\/2021\/11\/RADO-KSE-beszamolo-2020.pdf\">RADO KSE Besz\u00e1mol\u00f3 2020 let\u00f6lt\u00e9s<\/a><\/p>\n<hr \/>\n<p><a href=\"https:\/\/kosar.radobasket.hu\/wp-content\/uploads\/2021\/02\/2019.pdf\">RADO KSE Besz\u00e1mol\u00f3 2019 let\u00f6lt\u00e9s<\/a><\/p>\n<hr \/>\n<p><a href=\"https:\/\/kosar.radobasket.hu\/wp-content\/uploads\/2020\/01\/2018.pdf\">RADO KSE Besz\u00e1mol\u00f3 2018 let\u00f6lt\u00e9s<\/a><\/p>\n<hr \/>\n<p><a href=\"https:\/\/kosar.radobasket.hu\/wp-content\/uploads\/2020\/01\/2017.pdf\">RADO KSE Besz\u00e1mol\u00f3 2017 let\u00f6lt\u00e9s<\/a><\/p>\n<hr \/>\n<p><a href=\"https:\/\/kosar.radobasket.hu\/wp-content\/uploads\/2020\/01\/2016.pdf\">RADO KSE Besz\u00e1mol\u00f3 2016 let\u00f6lt\u00e9s<\/a><\/p>\n<hr \/>\n<p><a href=\"https:\/\/kosar.radobasket.hu\/wp-content\/uploads\/2020\/01\/2015.pdf\">RADO KSE Besz\u00e1mol\u00f3 2015 let\u00f6lt\u00e9s<\/a><\/p>\n<hr \/>\n<p><a href=\"https:\/\/kosar.radobasket.hu\/wp-content\/uploads\/2020\/01\/2014.pdf\">RADO KSE Besz\u00e1mol\u00f3 2014 let\u00f6lt\u00e9s<\/a><\/p>\n<hr \/>\n<p><a href=\"https:\/\/kosar.radobasket.hu\/wp-content\/uploads\/2020\/01\/2012.pdf\">RADO KSE Besz\u00e1mol\u00f3 2013 let\u00f6lt\u00e9s<\/a><\/p>\n<hr \/>\n<p><a href=\"https:\/\/kosar.radobasket.hu\/wp-content\/uploads\/2020\/01\/2012.pdf\">RADO KSE Besz\u00e1mol\u00f3 2012 let\u00f6lt\u00e9s<\/a>[\/vc_column_text][\/vc_column][\/vc_row]<\/p>\n<\/div>","protected":false},"excerpt":{"rendered":"<p>[vc_row css=&#8221;.vc_custom_1555503152088{margin-top: -50px !important;}&#8221;][vc_column][vc_separator color=&#8221;custom&#8221; align=&#8221;align_left&#8221; el_width=&#8221;10&#8243; accent_color=&#8221;#000000&#8243;][vc_empty_space][vc_column_text css=&#8221;&#8221;]RADO KSE Alapszab\u00e1ly let\u00f6lt\u00e9s RADO KSE Besz\u00e1mol\u00f3 2023 let\u00f6lt\u00e9s RADO KSE Besz\u00e1mol\u00f3 2022 let\u00f6lt\u00e9s RADO KSE Besz\u00e1mol\u00f3 2021 let\u00f6lt\u00e9s RADO KSE Besz\u00e1mol\u00f3 2020 let\u00f6lt\u00e9s RADO KSE Besz\u00e1mol\u00f3 2019 let\u00f6lt\u00e9s RADO KSE Besz\u00e1mol\u00f3 2018 let\u00f6lt\u00e9s RADO KSE Besz\u00e1mol\u00f3 2017 let\u00f6lt\u00e9s RADO KSE Besz\u00e1mol\u00f3 2016 let\u00f6lt\u00e9s RADO KSE Besz\u00e1mol\u00f3&#8230;<\/p>\n","protected":false},"author":1,"featured_media":0,"parent":0,"menu_order":0,"comment_status":"closed","ping_status":"closed","template":"","meta":{"footnotes":""},"class_list":["post-4746","page","type-page","status-publish","hentry"],"_links":{"self":[{"href":"https:\/\/kosar.radobasket.hu\/index.php\/wp-json\/wp\/v2\/pages\/4746","targetHints":{"allow":["GET"]}}],"collection":[{"href":"https:\/\/kosar.radobasket.hu\/index.php\/wp-json\/wp\/v2\/pages"}],"about":[{"href":"https:\/\/kosar.radobasket.hu\/index.php\/wp-json\/wp\/v2\/types\/page"}],"author":[{"embeddable":true,"href":"https:\/\/kosar.radobasket.hu\/index.php\/wp-json\/wp\/v2\/users\/1"}],"replies":[{"embeddable":true,"href":"https:\/\/kosar.radobasket.hu\/index.php\/wp-json\/wp\/v2\/comments?post=4746"}],"version-history":[{"count":15,"href":"https:\/\/kosar.radobasket.hu\/index.php\/wp-json\/wp\/v2\/pages\/4746\/revisions"}],"predecessor-version":[{"id":6632,"href":"https:\/\/kosar.radobasket.hu\/index.php\/wp-json\/wp\/v2\/pages\/4746\/revisions\/6632"}],"wp:attachment":[{"href":"https:\/\/kosar.radobasket.hu\/index.php\/wp-json\/wp\/v2\/media?parent=4746"}],"curies":[{"name":"wp","href":"https:\/\/api.w.org\/{rel}","templated":true}]}}