{"id":4877,"date":"2020-03-22T14:33:57","date_gmt":"2020-03-22T14:33:57","guid":{"rendered":"https:\/\/kosar.radobasket.hu\/?page_id=4877"},"modified":"2020-05-05T12:07:51","modified_gmt":"2020-05-05T12:07:51","slug":"kosarlabda-gyakorlatok-a-lakasban","status":"publish","type":"page","link":"https:\/\/kosar.radobasket.hu\/index.php\/kosarlabda-gyakorlatok-a-lakasban\/","title":{"rendered":"Kos\u00e1rlabda gyakorlatok a lak\u00e1sban"},"content":{"rendered":"<div class=\"wpb-content-wrapper\"><p>[vc_row css=&#8221;.vc_custom_1555503152088{margin-top: -50px !important;}&#8221;][vc_column][vc_empty_space][\/vc_column][\/vc_row][vc_row][vc_column][vc_custom_heading text=&#8221;Kos\u00e1rlabda gyakorlatok a lak\u00e1sban&#8221; use_theme_fonts=&#8221;yes&#8221;][vc_separator color=&#8221;custom&#8221; align=&#8221;align_left&#8221; el_width=&#8221;10&#8243; accent_color=&#8221;#000000&#8243;][vc_empty_space][\/vc_column][\/vc_row][vc_row][vc_column][vc_column_text]o\u00a0 Benti gyakorlatok &#8211; labdakezel\u00e9s[\/vc_column_text][\/vc_column][\/vc_row][vc_row][vc_column][vc_video link=&#8221;https:\/\/www.youtube.com\/watch?v=k8HbIscUSR0&amp;list=WL&amp;index=5&amp;t=276s&#8221; el_width=&#8221;60&#8243;][\/vc_column][\/vc_row][vc_row][vc_column][vc_video link=&#8221;https:\/\/www.youtube.com\/watch?v=v14R_DnP8J4&#8243; el_width=&#8221;60&#8243;][\/vc_column][\/vc_row][vc_row][vc_column][vc_column_text]o\u00a0 Alap\u00e1ll\u00e1s, h\u00e1rmas fenyeget\u00e9s (kos\u00e1rpal\u00e1nta, U11, U12)[\/vc_column_text][\/vc_column][\/vc_row][vc_row][vc_column][vc_video link=&#8221;https:\/\/youtu.be\/jiR65BKIEY4&#8243; el_width=&#8221;60&#8243;][\/vc_column][\/vc_row][vc_row][vc_column][vc_column_text]o\u00a0\u00a0\u00a0<u><\/u>Labdakezel\u00e9s, labdavezet\u00e9s[\/vc_column_text][\/vc_column][\/vc_row][vc_row][vc_column][vc_video link=&#8221;https:\/\/www.youtube.com\/watch?v=y9co2GbNZCY&amp;list=PLNpbqPwecfYN4Mj3ZgDx1Y3QpbBCYz957&amp;index=2&amp;t=189s&#8221; el_width=&#8221;60&#8243;][\/vc_column][\/vc_row][vc_row][vc_column][vc_video link=&#8221;https:\/\/www.youtube.com\/watch?v=OLEn1AKImFc&amp;t=70s&#8221; el_width=&#8221;60&#8243;][\/vc_column][\/vc_row][vc_row][vc_column][vc_column_text]o\u00a0\u00a0\u00a0<u><\/u>Belt\u00e9ri dob\u00f3gyakorlat[\/vc_column_text][\/vc_column][\/vc_row][vc_row][vc_column][vc_video link=&#8221;https:\/\/www.youtube.com\/watch?v=7eHS3AnXTug&amp;list=WL&amp;index=36&amp;t=0s&#8221; el_width=&#8221;60&#8243;][\/vc_column][\/vc_row][vc_row][vc_column][vc_column_text]o\u00a0\u00a0\u00a0<u><\/u>Passzol\u00e1s helyben[\/vc_column_text][\/vc_column][\/vc_row][vc_row][vc_column][vc_video link=&#8221;https:\/\/www.youtube.com\/watch?v=T_ECHteXwn8&#8243; el_width=&#8221;60&#8243;][\/vc_column][\/vc_row]<\/p>\n<\/div>","protected":false},"excerpt":{"rendered":"<p>[vc_row css=&#8221;.vc_custom_1555503152088{margin-top: -50px !important;}&#8221;][vc_column][vc_empty_space][\/vc_column][\/vc_row][vc_row][vc_column][vc_custom_heading text=&#8221;Kos\u00e1rlabda gyakorlatok a lak\u00e1sban&#8221; use_theme_fonts=&#8221;yes&#8221;][vc_separator color=&#8221;custom&#8221; align=&#8221;align_left&#8221; el_width=&#8221;10&#8243; accent_color=&#8221;#000000&#8243;][vc_empty_space][\/vc_column][\/vc_row][vc_row][vc_column][vc_column_text]o\u00a0 Benti gyakorlatok &#8211; labdakezel\u00e9s[\/vc_column_text][\/vc_column][\/vc_row][vc_row][vc_column][vc_video link=&#8221;https:\/\/www.youtube.com\/watch?v=k8HbIscUSR0&amp;list=WL&amp;index=5&amp;t=276s&#8221; el_width=&#8221;60&#8243;][\/vc_column][\/vc_row][vc_row][vc_column][vc_video link=&#8221;https:\/\/www.youtube.com\/watch?v=v14R_DnP8J4&#8243; el_width=&#8221;60&#8243;][\/vc_column][\/vc_row][vc_row][vc_column][vc_column_text]o\u00a0 Alap\u00e1ll\u00e1s, h\u00e1rmas fenyeget\u00e9s (kos\u00e1rpal\u00e1nta, U11, U12)[\/vc_column_text][\/vc_column][\/vc_row][vc_row][vc_column][vc_video link=&#8221;https:\/\/youtu.be\/jiR65BKIEY4&#8243; el_width=&#8221;60&#8243;][\/vc_column][\/vc_row][vc_row][vc_column][vc_column_text]o\u00a0\u00a0\u00a0Labdakezel\u00e9s, labdavezet\u00e9s[\/vc_column_text][\/vc_column][\/vc_row][vc_row][vc_column][vc_video link=&#8221;https:\/\/www.youtube.com\/watch?v=y9co2GbNZCY&amp;list=PLNpbqPwecfYN4Mj3ZgDx1Y3QpbBCYz957&amp;index=2&amp;t=189s&#8221; el_width=&#8221;60&#8243;][\/vc_column][\/vc_row][vc_row][vc_column][vc_video link=&#8221;https:\/\/www.youtube.com\/watch?v=OLEn1AKImFc&amp;t=70s&#8221; el_width=&#8221;60&#8243;][\/vc_column][\/vc_row][vc_row][vc_column][vc_column_text]o\u00a0\u00a0\u00a0Belt\u00e9ri dob\u00f3gyakorlat[\/vc_column_text][\/vc_column][\/vc_row][vc_row][vc_column][vc_video link=&#8221;https:\/\/www.youtube.com\/watch?v=7eHS3AnXTug&amp;list=WL&amp;index=36&amp;t=0s&#8221; el_width=&#8221;60&#8243;][\/vc_column][\/vc_row][vc_row][vc_column][vc_column_text]o\u00a0\u00a0\u00a0Passzol\u00e1s helyben[\/vc_column_text][\/vc_column][\/vc_row][vc_row][vc_column][vc_video link=&#8221;https:\/\/www.youtube.com\/watch?v=T_ECHteXwn8&#8243; el_width=&#8221;60&#8243;][\/vc_column][\/vc_row]<\/p>\n","protected":false},"author":1,"featured_media":0,"parent":0,"menu_order":0,"comment_status":"closed","ping_status":"closed","template":"","meta":{"footnotes":""},"class_list":["post-4877","page","type-page","status-publish","hentry"],"_links":{"self":[{"href":"https:\/\/kosar.radobasket.hu\/index.php\/wp-json\/wp\/v2\/pages\/4877","targetHints":{"allow":["GET"]}}],"collection":[{"href":"https:\/\/kosar.radobasket.hu\/index.php\/wp-json\/wp\/v2\/pages"}],"about":[{"href":"https:\/\/kosar.radobasket.hu\/index.php\/wp-json\/wp\/v2\/types\/page"}],"author":[{"embeddable":true,"href":"https:\/\/kosar.radobasket.hu\/index.php\/wp-json\/wp\/v2\/users\/1"}],"replies":[{"embeddable":true,"href":"https:\/\/kosar.radobasket.hu\/index.php\/wp-json\/wp\/v2\/comments?post=4877"}],"version-history":[{"count":7,"href":"https:\/\/kosar.radobasket.hu\/index.php\/wp-json\/wp\/v2\/pages\/4877\/revisions"}],"predecessor-version":[{"id":4978,"href":"https:\/\/kosar.radobasket.hu\/index.php\/wp-json\/wp\/v2\/pages\/4877\/revisions\/4978"}],"wp:attachment":[{"href":"https:\/\/kosar.radobasket.hu\/index.php\/wp-json\/wp\/v2\/media?parent=4877"}],"curies":[{"name":"wp","href":"https:\/\/api.w.org\/{rel}","templated":true}]}}