{"id":4888,"date":"2020-03-22T14:41:33","date_gmt":"2020-03-22T14:41:33","guid":{"rendered":"https:\/\/kosar.radobasket.hu\/?page_id=4888"},"modified":"2023-09-08T11:48:10","modified_gmt":"2023-09-08T11:48:10","slug":"gyakorlatok-feladatok","status":"publish","type":"page","link":"https:\/\/kosar.radobasket.hu\/index.php\/gyakorlatok-feladatok\/","title":{"rendered":"Gyakorlatok, feladatok"},"content":{"rendered":"<div class=\"wpb-content-wrapper\"><p>[vc_row css=&#8221;.vc_custom_1555503152088{margin-top: -50px !important;}&#8221;][vc_column][vc_empty_space][\/vc_column][\/vc_row][vc_row][vc_column][vc_custom_heading text=&#8221;A feladatokhoz a k\u00f6vetkez\u0151kre lesz sz\u00fcks\u00e9g&#8221; use_theme_fonts=&#8221;yes&#8221;][vc_separator color=&#8221;custom&#8221; align=&#8221;align_left&#8221; el_width=&#8221;10&#8243; accent_color=&#8221;#000000&#8243;][vc_empty_space][\/vc_column][\/vc_row][vc_row][vc_column][vc_column_text]o\u00a0\u00a0\u00a0<u><\/u>Kos\u00e1rlabda<u><\/u><u><\/u><\/p>\n<p><u><\/u>o\u00a0\u00a0\u00a0<u><\/u>Teniszlabda (\u00f6sszecsomagolt zokni is megteszi)<u><\/u><u><\/u><\/p>\n<p><u><\/u>o\u00a0\u00a0\u00a0<u><\/u>Ugr\u00f3k\u00f6t\u00e9l (vagy b\u00e1rmilyen k\u00e1bel darab)<u><\/u><u><\/u><\/p>\n<p><u><\/u>o\u00a0\u00a0\u00a0<u><\/u>HIT<u><\/u><u><\/u><\/p>\n<p><u><\/u>o\u00a0\u00a0\u00a0<u><\/u>AKARAT<u><\/u><u><\/u><\/p>\n<p><u><\/u>o\u00a0\u00a0\u00a0<u><\/u>T\u00dcRELEM[\/vc_column_text][\/vc_column][\/vc_row][vc_row][vc_column][vc_empty_space][vc_custom_heading text=&#8221;Seg\u00edts\u00e9g: amennyiben sz\u00fcks\u00e9ged van seg\u00edts\u00e9gre, \u00fatmutat\u00e1sra vagy nem \u00e9rtesz egy feladatot, keress benn\u00fcnket!&#8221; use_theme_fonts=&#8221;yes&#8221;][vc_separator color=&#8221;custom&#8221; align=&#8221;align_left&#8221; el_width=&#8221;10&#8243; accent_color=&#8221;#000000&#8243;][vc_empty_space][\/vc_column][\/vc_row][vc_row][vc_column][vc_column_text]o\u00a0\u00a0 Radovics J\u00f3zsef\u00a0\u00a0\u00a0\u00a0\u00a0\u00a0\u00a0\u00a0\u00a0\u00a0\u00a0\u00a0\u00a0\u00a0\u00a0 20-950-2044\u00a0\u00a0\u00a0\u00a0\u00a0\u00a0\u00a0\u00a0\u00a0\u00a0 radobasket@radobasket.hu<\/p>\n<p>&nbsp;<\/p>\n<p>o\u00a0\u00a0 G\u00f6b\u00f6l\u00f6s R\u00e9ka\u00a0\u00a0\u00a0\u00a0\u00a0\u00a0\u00a0\u00a0\u00a0\u00a0\u00a0\u00a0\u00a0\u00a0\u00a0\u00a0\u00a0\u00a0 70-949-8572\u00a0\u00a0\u00a0\u00a0\u00a0\u00a0\u00a0\u00a0\u00a0\u00a0 reka@radobasket.hu<\/p>\n<p>&nbsp;<\/p>\n<p>o\u00a0\u00a0 Mojzes Gina\u00a0\u00a0\u00a0\u00a0\u00a0\u00a0\u00a0\u00a0\u00a0\u00a0\u00a0\u00a0\u00a0\u00a0\u00a0\u00a0\u00a0\u00a0\u00a0\u00a0 20-457-3908\u00a0\u00a0\u00a0\u00a0\u00a0\u00a0\u00a0\u00a0\u00a0\u00a0\u00a0 mgina162@gmail.com<\/p>\n<p>&nbsp;<\/p>\n<p>o\u00a0\u00a0 Puszta D\u00e1vid\u00a0\u00a0\u00a0\u00a0\u00a0\u00a0\u00a0\u00a0\u00a0\u00a0\u00a0\u00a0\u00a0\u00a0\u00a0\u00a0\u00a0\u00a0\u00a0 70-318-6450\u00a0\u00a0\u00a0\u00a0\u00a0\u00a0\u00a0\u00a0\u00a0\u00a0\u00a0 pusztadavidcsaba@gmail.com<\/p>\n<p>&nbsp;<\/p>\n<p>o\u00a0\u00a0 Jacso T\u00fcnde\u00a0\u00a0\u00a0\u00a0\u00a0\u00a0\u00a0\u00a0\u00a0\u00a0\u00a0\u00a0\u00a0\u00a0\u00a0\u00a0\u00a0\u00a0\u00a0\u00a0 70-327-1699\u00a0\u00a0\u00a0\u00a0\u00a0\u00a0\u00a0\u00a0\u00a0\u00a0 jacsotunde@gmail.com<\/p>\n<p>&nbsp;<\/p>\n<p>o\u00a0\u00a0 B\u00f3di Bettina\u00a0\u00a0\u00a0\u00a0\u00a0\u00a0\u00a0\u00a0\u00a0\u00a0\u00a0\u00a0\u00a0\u00a0\u00a0\u00a0\u00a0\u00a0\u00a0\u00a0\u00a0 20-321-7923\u00a0\u00a0\u00a0\u00a0\u00a0\u00a0\u00a0\u00a0\u00a0\u00a0 bettibodi@gmail.com<\/p>\n<p>&nbsp;<\/p>\n<p>o\u00a0\u00a0 Stifft N\u00e1ndor\u00a0\u00a0\u00a0\u00a0\u00a0\u00a0\u00a0\u00a0\u00a0\u00a0\u00a0\u00a0\u00a0\u00a0\u00a0\u00a0\u00a0\u00a0\u00a0\u00a0 20-914-9231\u00a0\u00a0\u00a0\u00a0\u00a0\u00a0\u00a0\u00a0\u00a0\u00a0\u00a0 stifft.nandor@budaors.hu<\/p>\n<p>&nbsp;<\/p>\n<p>o\u00a0\u00a0 Orosz Csilla\u00a0\u00a0\u00a0\u00a0\u00a0\u00a0\u00a0\u00a0\u00a0\u00a0\u00a0\u00a0\u00a0\u00a0\u00a0\u00a0\u00a0\u00a0\u00a0\u00a0\u00a0 70-944-7852\u00a0\u00a0\u00a0\u00a0\u00a0\u00a0\u00a0\u00a0\u00a0\u00a0 csillaorosz@t-online.hu<\/p>\n<p>&nbsp;<\/p>\n<p>o\u00a0\u00a0 Smohai M\u00e1t\u00e9\u00a0\u00a0\u00a0\u00a0\u00a0\u00a0\u00a0\u00a0\u00a0\u00a0\u00a0\u00a0\u00a0\u00a0\u00a0\u00a0\u00a0\u00a0\u00a0 30-567-3221\u00a0\u00a0\u00a0\u00a0\u00a0\u00a0\u00a0\u00a0\u00a0\u00a0\u00a0 smohabasketball@gmail.com[\/vc_column_text][\/vc_column][\/vc_row]<\/p>\n<\/div>","protected":false},"excerpt":{"rendered":"<p>[vc_row css=&#8221;.vc_custom_1555503152088{margin-top: -50px !important;}&#8221;][vc_column][vc_empty_space][\/vc_column][\/vc_row][vc_row][vc_column][vc_custom_heading text=&#8221;A feladatokhoz a k\u00f6vetkez\u0151kre lesz sz\u00fcks\u00e9g&#8221; use_theme_fonts=&#8221;yes&#8221;][vc_separator color=&#8221;custom&#8221; align=&#8221;align_left&#8221; el_width=&#8221;10&#8243; accent_color=&#8221;#000000&#8243;][vc_empty_space][\/vc_column][\/vc_row][vc_row][vc_column][vc_column_text]o\u00a0\u00a0\u00a0Kos\u00e1rlabda o\u00a0\u00a0\u00a0Teniszlabda (\u00f6sszecsomagolt zokni is megteszi) o\u00a0\u00a0\u00a0Ugr\u00f3k\u00f6t\u00e9l (vagy b\u00e1rmilyen k\u00e1bel darab) o\u00a0\u00a0\u00a0HIT o\u00a0\u00a0\u00a0AKARAT o\u00a0\u00a0\u00a0T\u00dcRELEM[\/vc_column_text][\/vc_column][\/vc_row][vc_row][vc_column][vc_empty_space][vc_custom_heading text=&#8221;Seg\u00edts\u00e9g: amennyiben sz\u00fcks\u00e9ged van seg\u00edts\u00e9gre, \u00fatmutat\u00e1sra vagy nem \u00e9rtesz egy feladatot, keress benn\u00fcnket!&#8221; use_theme_fonts=&#8221;yes&#8221;][vc_separator color=&#8221;custom&#8221; align=&#8221;align_left&#8221; el_width=&#8221;10&#8243; accent_color=&#8221;#000000&#8243;][vc_empty_space][\/vc_column][\/vc_row][vc_row][vc_column][vc_column_text]o\u00a0\u00a0 Radovics J\u00f3zsef\u00a0\u00a0\u00a0\u00a0\u00a0\u00a0\u00a0\u00a0\u00a0\u00a0\u00a0\u00a0\u00a0\u00a0\u00a0 20-950-2044\u00a0\u00a0\u00a0\u00a0\u00a0\u00a0\u00a0\u00a0\u00a0\u00a0 radobasket@radobasket.hu &nbsp; o\u00a0\u00a0 G\u00f6b\u00f6l\u00f6s R\u00e9ka\u00a0\u00a0\u00a0\u00a0\u00a0\u00a0\u00a0\u00a0\u00a0\u00a0\u00a0\u00a0\u00a0\u00a0\u00a0\u00a0\u00a0\u00a0 70-949-8572\u00a0\u00a0\u00a0\u00a0\u00a0\u00a0\u00a0\u00a0\u00a0\u00a0&#8230;<\/p>\n","protected":false},"author":1,"featured_media":0,"parent":0,"menu_order":0,"comment_status":"closed","ping_status":"closed","template":"","meta":{"footnotes":""},"class_list":["post-4888","page","type-page","status-publish","hentry"],"_links":{"self":[{"href":"https:\/\/kosar.radobasket.hu\/index.php\/wp-json\/wp\/v2\/pages\/4888","targetHints":{"allow":["GET"]}}],"collection":[{"href":"https:\/\/kosar.radobasket.hu\/index.php\/wp-json\/wp\/v2\/pages"}],"about":[{"href":"https:\/\/kosar.radobasket.hu\/index.php\/wp-json\/wp\/v2\/types\/page"}],"author":[{"embeddable":true,"href":"https:\/\/kosar.radobasket.hu\/index.php\/wp-json\/wp\/v2\/users\/1"}],"replies":[{"embeddable":true,"href":"https:\/\/kosar.radobasket.hu\/index.php\/wp-json\/wp\/v2\/comments?post=4888"}],"version-history":[{"count":6,"href":"https:\/\/kosar.radobasket.hu\/index.php\/wp-json\/wp\/v2\/pages\/4888\/revisions"}],"predecessor-version":[{"id":5251,"href":"https:\/\/kosar.radobasket.hu\/index.php\/wp-json\/wp\/v2\/pages\/4888\/revisions\/5251"}],"wp:attachment":[{"href":"https:\/\/kosar.radobasket.hu\/index.php\/wp-json\/wp\/v2\/media?parent=4888"}],"curies":[{"name":"wp","href":"https:\/\/api.w.org\/{rel}","templated":true}]}}