{"id":5748,"date":"2024-12-06T19:44:55","date_gmt":"2024-12-06T19:44:55","guid":{"rendered":"https:\/\/kosar.radobasket.hu\/?page_id=5748"},"modified":"2025-09-08T15:11:02","modified_gmt":"2025-09-08T15:11:02","slug":"u9-u12-budaors-herman","status":"publish","type":"page","link":"https:\/\/kosar.radobasket.hu\/index.php\/u9-u12-budaors-herman\/","title":{"rendered":"U9-U12 Buda\u00f6rs, Herman"},"content":{"rendered":"<div class=\"wpb-content-wrapper\"><p>[vc_row][vc_column][vc_column_text css_animation=&#8221;bounceInLeft&#8221; css=&#8221;&#8221;]<\/p>\r\n<figure class=\"wp-block-table\">\r\n<table>\r\n<tbody>\r\n<tr>\r\n<td>H\u00e9tf\u0151<\/td>\r\n<td class=\"has-text-align-center\" data-align=\"center\">17:00 &#8211; 18:30<\/td>\r\n<\/tr>\r\n<tr>\r\n<td>Szerda<\/td>\r\n<td class=\"has-text-align-center\" data-align=\"center\">17:00 &#8211; 18:30<\/td>\r\n<\/tr>\r\n<tr>\r\n<td>P\u00e9ntek<\/td>\r\n<td class=\"has-text-align-center\" data-align=\"center\">17:00 &#8211; 18:30<\/td>\r\n<\/tr>\r\n<\/tbody>\r\n<\/table>\r\n<\/figure>\r\n<p>\u00a0<\/p>\r\n\r\n<div class=\"wp-block-spacer\" style=\"height: 20px;\" aria-hidden=\"true\">\u00a0<\/div>\r\n\r\n<p><iframe loading=\"lazy\" style=\"border: 0;\" src=\"https:\/\/www.google.com\/maps\/embed?pb=!1m18!1m12!1m3!1d3523.1020044617862!2d18.944187076929694!3d47.457773498242155!2m3!1f0!2f0!3f0!3m2!1i1024!2i768!4f13.1!3m3!1m2!1s0x4741de283c6b9925%3A0x1cc818909b2fba80!2zQnVkYcO2cnNpIEhlcm1hbiBPdHTDsyDDgWx0YWzDoW5vcyBJc2tvbGE!5e1!3m2!1sen!2shu!4v1733176112956!5m2!1sen!2shu\" width=\"600\" height=\"450\" allowfullscreen=\"allowfullscreen\"><\/iframe><\/p>\r\n<p>\u00a0<\/p>\r\n<p>[\/vc_column_text][\/vc_column][\/vc_row]<\/p><\/div>","protected":false},"excerpt":{"rendered":"<p>[vc_row][vc_column][vc_column_text css_animation=&#8221;bounceInLeft&#8221; css=&#8221;&#8221;] H\u00e9tf\u0151 17:00 &#8211; 18:30 Szerda 17:00 &#8211; 18:30 P\u00e9ntek 17:00 &#8211; 18:30 \u00a0 \u00a0 [\/vc_column_text][\/vc_column][\/vc_row]<\/p>\n","protected":false},"author":1,"featured_media":0,"parent":0,"menu_order":0,"comment_status":"closed","ping_status":"closed","template":"","meta":{"footnotes":""},"class_list":["post-5748","page","type-page","status-publish","hentry"],"_links":{"self":[{"href":"https:\/\/kosar.radobasket.hu\/index.php\/wp-json\/wp\/v2\/pages\/5748","targetHints":{"allow":["GET"]}}],"collection":[{"href":"https:\/\/kosar.radobasket.hu\/index.php\/wp-json\/wp\/v2\/pages"}],"about":[{"href":"https:\/\/kosar.radobasket.hu\/index.php\/wp-json\/wp\/v2\/types\/page"}],"author":[{"embeddable":true,"href":"https:\/\/kosar.radobasket.hu\/index.php\/wp-json\/wp\/v2\/users\/1"}],"replies":[{"embeddable":true,"href":"https:\/\/kosar.radobasket.hu\/index.php\/wp-json\/wp\/v2\/comments?post=5748"}],"version-history":[{"count":5,"href":"https:\/\/kosar.radobasket.hu\/index.php\/wp-json\/wp\/v2\/pages\/5748\/revisions"}],"predecessor-version":[{"id":6640,"href":"https:\/\/kosar.radobasket.hu\/index.php\/wp-json\/wp\/v2\/pages\/5748\/revisions\/6640"}],"wp:attachment":[{"href":"https:\/\/kosar.radobasket.hu\/index.php\/wp-json\/wp\/v2\/media?parent=5748"}],"curies":[{"name":"wp","href":"https:\/\/api.w.org\/{rel}","templated":true}]}}