{"id":5829,"date":"2024-12-06T19:41:09","date_gmt":"2024-12-06T19:41:09","guid":{"rendered":"https:\/\/kosar.radobasket.hu\/?page_id=5829"},"modified":"2026-01-05T16:25:41","modified_gmt":"2026-01-05T16:25:41","slug":"u16-fiu","status":"publish","type":"page","link":"https:\/\/kosar.radobasket.hu\/index.php\/u16-fiu\/","title":{"rendered":"U16 Fi\u00fa"},"content":{"rendered":"<div class=\"wpb-content-wrapper\"><p>[vc_row][vc_column][vc_column_text css_animation=&#8221;bounceInLeft&#8221;]<\/p>\n\n\n<figure class=\"wp-block-table\"><table class=\"has-fixed-layout\"><tbody><tr><td>H\u00e9tf\u0151<\/td><td class=\"has-text-align-center\" data-align=\"center\">17:00 &#8211; 18:30<\/td><td>TBSK<\/td><\/tr><tr><td>Kedd<\/td><td class=\"has-text-align-center\" data-align=\"center\">18:00 &#8211; 20:00<\/td><td>TBSK<\/td><\/tr><tr><td>Szerda<\/td><td class=\"has-text-align-center\" data-align=\"center\">17:00 &#8211; 18:30<\/td><td>TBSK<\/td><\/tr><tr><td>Cs\u00fct\u00f6rt\u00f6k<\/td><td class=\"has-text-align-center\" data-align=\"center\">18:00 &#8211; 20:00<\/td><td>TBSK<\/td><\/tr><tr><td>P\u00e9ntek<\/td><td class=\"has-text-align-center\" data-align=\"center\">18:15 &#8211; 19:45<\/td><td>Herman<\/td><\/tr><\/tbody><\/table><\/figure>\n\n\n<p>&nbsp;<\/p>\n\n\n<div style=\"height:20px\" aria-hidden=\"true\" class=\"wp-block-spacer\"><\/div>\n\n\n<p>\n\n\n<iframe loading=\"lazy\" style=\"border: 0;\" src=\"https:\/\/www.google.com\/maps\/embed?pb=!1m18!1m12!1m3!1d3524.2195731006395!2d18.894515776929087!3d47.44109239939141!2m3!1f0!2f0!3f0!3m2!1i1024!2i768!4f13.1!3m3!1m2!1s0x4741e0410367f945%3A0x88858dc18c479492!2zVMO2csO2a2LDoWxpbnQgU3BvcnRzIENlbnRlcg!5e1!3m2!1sen!2shu!4v1733175911330!5m2!1sen!2shu\" width=\"600\" height=\"450\" allowfullscreen=\"allowfullscreen\"><\/iframe><\/p>\n\n\n\n<iframe loading=\"lazy\" style=\"border: 0;\" src=\"https:\/\/www.google.com\/maps\/embed?pb=!1m18!1m12!1m3!1d3523.1020044617862!2d18.944187076929694!3d47.457773498242155!2m3!1f0!2f0!3f0!3m2!1i1024!2i768!4f13.1!3m3!1m2!1s0x4741de283c6b9925%3A0x1cc818909b2fba80!2zQnVkYcO2cnNpIEhlcm1hbiBPdHTDsyDDgWx0YWzDoW5vcyBJc2tvbGE!5e1!3m2!1sen!2shu!4v1733176112956!5m2!1sen!2shu\" width=\"600\" height=\"450\" allowfullscreen=\"allowfullscreen\"><\/iframe><\/p>\n<p>\n\n\n<\/p>\n<p>[\/vc_column_text][\/vc_column][\/vc_row]<\/p><\/div>","protected":false},"excerpt":{"rendered":"<p>[vc_row][vc_column][vc_column_text css_animation=&#8221;bounceInLeft&#8221;] H\u00e9tf\u0151 17:00 &#8211; 18:30 TBSK Kedd 18:00 &#8211; 20:00 TBSK Szerda 17:00 &#8211; 18:30 TBSK Cs\u00fct\u00f6rt\u00f6k 18:00 &#8211; 20:00 TBSK P\u00e9ntek 18:15 &#8211; 19:45 Herman &nbsp; [\/vc_column_text][\/vc_column][\/vc_row]<\/p>\n","protected":false},"author":1,"featured_media":0,"parent":0,"menu_order":0,"comment_status":"closed","ping_status":"closed","template":"","meta":{"footnotes":""},"class_list":["post-5829","page","type-page","status-publish","hentry"],"_links":{"self":[{"href":"https:\/\/kosar.radobasket.hu\/index.php\/wp-json\/wp\/v2\/pages\/5829","targetHints":{"allow":["GET"]}}],"collection":[{"href":"https:\/\/kosar.radobasket.hu\/index.php\/wp-json\/wp\/v2\/pages"}],"about":[{"href":"https:\/\/kosar.radobasket.hu\/index.php\/wp-json\/wp\/v2\/types\/page"}],"author":[{"embeddable":true,"href":"https:\/\/kosar.radobasket.hu\/index.php\/wp-json\/wp\/v2\/users\/1"}],"replies":[{"embeddable":true,"href":"https:\/\/kosar.radobasket.hu\/index.php\/wp-json\/wp\/v2\/comments?post=5829"}],"version-history":[{"count":6,"href":"https:\/\/kosar.radobasket.hu\/index.php\/wp-json\/wp\/v2\/pages\/5829\/revisions"}],"predecessor-version":[{"id":6929,"href":"https:\/\/kosar.radobasket.hu\/index.php\/wp-json\/wp\/v2\/pages\/5829\/revisions\/6929"}],"wp:attachment":[{"href":"https:\/\/kosar.radobasket.hu\/index.php\/wp-json\/wp\/v2\/media?parent=5829"}],"curies":[{"name":"wp","href":"https:\/\/api.w.org\/{rel}","templated":true}]}}