{"id":5831,"date":"2024-12-06T19:36:43","date_gmt":"2024-12-06T19:36:43","guid":{"rendered":"https:\/\/kosar.radobasket.hu\/?page_id=5831"},"modified":"2026-01-05T16:26:11","modified_gmt":"2026-01-05T16:26:11","slug":"u19-nb2-ferfi","status":"publish","type":"page","link":"https:\/\/kosar.radobasket.hu\/index.php\/u19-nb2-ferfi\/","title":{"rendered":"U19\/NB2 F\u00e9rfi"},"content":{"rendered":"<div class=\"wpb-content-wrapper\"><p>[vc_row][vc_column][vc_column_text css_animation=&#8221;bounceInLeft&#8221;]<\/p>\n\n\n<figure class=\"wp-block-table\"><table class=\"has-fixed-layout\"><tbody><tr><td>H\u00e9tf\u0151<\/td><td class=\"has-text-align-center\" data-align=\"center\">18:30 &#8211; 20:30<\/td><td><\/td><\/tr><tr><td>Kedd<\/td><td class=\"has-text-align-center\" data-align=\"center\">19:00 &#8211; 21:00<\/td><td><\/td><\/tr><tr><td>Szerda<\/td><td class=\"has-text-align-center\" data-align=\"center\">19:00 &#8211; 21:00<\/td><td><\/td><\/tr><tr><td>Cs\u00fct\u00f6rt\u00f6k<\/td><td class=\"has-text-align-center\" data-align=\"center\">19:30 &#8211; 21:00<\/td><td><\/td><\/tr><tr><td>P\u00e9ntek<\/td><td class=\"has-text-align-center\" data-align=\"center\">19:30 &#8211; 21:00<\/td><td><\/td><\/tr><\/tbody><\/table><\/figure>\n\n\n\n<div style=\"height:20px\" aria-hidden=\"true\" class=\"wp-block-spacer\"><\/div>\n\n\n\n<iframe loading=\"lazy\" style=\"border: 0;\" src=\"https:\/\/www.google.com\/maps\/embed?pb=!1m18!1m12!1m3!1d3523.1020044617862!2d18.944187076929694!3d47.457773498242155!2m3!1f0!2f0!3f0!3m2!1i1024!2i768!4f13.1!3m3!1m2!1s0x4741de283c6b9925%3A0x1cc818909b2fba80!2zQnVkYcO2cnNpIEhlcm1hbiBPdHTDsyDDgWx0YWzDoW5vcyBJc2tvbGE!5e1!3m2!1sen!2shu!4v1733176112956!5m2!1sen!2shu\" width=\"600\" height=\"450\" allowfullscreen=\"allowfullscreen\"><\/iframe><\/p>\n<p>\n\n\n<p>\/<\/p>\n<p>[\/vc_column_text][\/vc_column][\/vc_row]<\/p><\/div>","protected":false},"excerpt":{"rendered":"<p>[vc_row][vc_column][vc_column_text css_animation=&#8221;bounceInLeft&#8221;] H\u00e9tf\u0151 18:30 &#8211; 20:30 Kedd 19:00 &#8211; 21:00 Szerda 19:00 &#8211; 21:00 Cs\u00fct\u00f6rt\u00f6k 19:30 &#8211; 21:00 P\u00e9ntek 19:30 &#8211; 21:00 \/ [\/vc_column_text][\/vc_column][\/vc_row]<\/p>\n","protected":false},"author":1,"featured_media":0,"parent":0,"menu_order":0,"comment_status":"closed","ping_status":"closed","template":"","meta":{"footnotes":""},"class_list":["post-5831","page","type-page","status-publish","hentry"],"_links":{"self":[{"href":"https:\/\/kosar.radobasket.hu\/index.php\/wp-json\/wp\/v2\/pages\/5831","targetHints":{"allow":["GET"]}}],"collection":[{"href":"https:\/\/kosar.radobasket.hu\/index.php\/wp-json\/wp\/v2\/pages"}],"about":[{"href":"https:\/\/kosar.radobasket.hu\/index.php\/wp-json\/wp\/v2\/types\/page"}],"author":[{"embeddable":true,"href":"https:\/\/kosar.radobasket.hu\/index.php\/wp-json\/wp\/v2\/users\/1"}],"replies":[{"embeddable":true,"href":"https:\/\/kosar.radobasket.hu\/index.php\/wp-json\/wp\/v2\/comments?post=5831"}],"version-history":[{"count":10,"href":"https:\/\/kosar.radobasket.hu\/index.php\/wp-json\/wp\/v2\/pages\/5831\/revisions"}],"predecessor-version":[{"id":6930,"href":"https:\/\/kosar.radobasket.hu\/index.php\/wp-json\/wp\/v2\/pages\/5831\/revisions\/6930"}],"wp:attachment":[{"href":"https:\/\/kosar.radobasket.hu\/index.php\/wp-json\/wp\/v2\/media?parent=5831"}],"curies":[{"name":"wp","href":"https:\/\/api.w.org\/{rel}","templated":true}]}}