{"id":6613,"date":"2025-07-04T12:44:21","date_gmt":"2025-07-04T12:44:21","guid":{"rendered":"https:\/\/kosar.radobasket.hu\/?page_id=6613"},"modified":"2025-07-04T12:44:22","modified_gmt":"2025-07-04T12:44:22","slug":"legutobbi-eredmenyeink","status":"publish","type":"page","link":"https:\/\/kosar.radobasket.hu\/index.php\/legutobbi-eredmenyeink\/","title":{"rendered":"Legut\u00f3bbi eredm\u00e9nyeink:"},"content":{"rendered":"\n<div class=\"wp-block-group alignfull is-content-justification-center\" style=\"margin-top:0;margin-bottom:0;padding-top:calc( 0.5 * var(--wp--style--root--padding-right, var(--wp--custom--gap--horizontal)));padding-right:var(--wp--style--root--padding-right, var(--wp--custom--gap--horizontal));padding-bottom:calc( 0.5 * var(--wp--style--root--padding-right, var(--wp--custom--gap--horizontal)));padding-left:var(--wp--style--root--padding-left, var(--wp--custom--gap--horizontal))\"><div class=\"wp-block-group__inner-container is-layout-constrained wp-container-core-group-is-layout-b073b61b wp-block-group-is-layout-constrained\">\n<div style=\"height:17px\" aria-hidden=\"true\" class=\"wp-block-spacer\"><\/div>\n\n\n\n<div class=\"wp-block-columns is-layout-flex wp-container-core-columns-is-layout-9d6595d7 wp-block-columns-is-layout-flex\">\n<div class=\"wp-block-column is-layout-flow wp-block-column-is-layout-flow\">\n<blockquote class=\"wp-block-quote is-layout-flow wp-block-quote-is-layout-flow\">\n<h2 class=\"wp-block-heading\"><strong>NB1 N\u0151i<\/strong><\/h2>\n<\/blockquote>\n\n\n\n<style>\n    table {\n        border-collapse: collapse;\n        width: 100%;\n    }\n    td, th {\n        border: 1px solid black;\n        text-align: center;\n        padding: 8px;\n        color: black; \/* Sz\u00f6veg sz\u00edne fekete *\/\n    }\n    th {\n        background-color: #f2f2f2;\n    }\n<\/style>\n\n<!-- 1. T\u00e1bl\u00e1zat -->\n<table>\n    <thead>\n        <tr>\n            <th colspan=\"2\">Radobasket T\u00f6r\u00f6kb\u00e1lint<\/th>\n        <\/tr>\n    <\/thead>\n    <tbody>\n        <tr>\n            <td>7. <\/td>\n            <td>helyezett!<\/td>\n        <\/tr>\n        <tr>\n            <td colspan=\"2\">Budapest<\/td>\n        <\/tr>\n    <\/tbody>\n<\/table>\n<\/div>\n\n\n\n<div class=\"wp-block-column is-layout-flow wp-block-column-is-layout-flow\">\n<blockquote class=\"wp-block-quote is-layout-flow wp-block-quote-is-layout-flow\">\n<h2 class=\"wp-block-heading\"><strong>NB2 F\u00e9rfi<\/strong><\/h2>\n<\/blockquote>\n\n\n\n<style>\n    table {\n        border-collapse: collapse;\n        width: 100%;\n    }\n    td, th {\n        border: 1px solid black;\n        text-align: center;\n        padding: 8px;\n        color: black; \/* Sz\u00f6veg sz\u00edne fekete *\/\n    }\n    th {\n        background-color: #f2f2f2;\n    }\n<\/style>\n\n<!-- 1. T\u00e1bl\u00e1zat -->\n<table>\n    <thead>\n        <tr>\n            <th colspan=\"2\">Radobasket T\u00f6r\u00f6kb\u00e1lint &#8211; Nyugati csoport<\/th>\n        <\/tr>\n    <\/thead>\n    <tbody>\n        <tr>\n            <td>7.<\/td>\n            <td>helyezett!<\/td>\n        <\/tr>\n        <tr>\n            <td colspan=\"2\">Tata<\/td>\n        <\/tr>\n    <\/tbody>\n<\/table>\n<\/div>\n\n\n\n<div class=\"wp-block-column is-layout-flow wp-block-column-is-layout-flow\">\n<blockquote class=\"wp-block-quote is-layout-flow wp-block-quote-is-layout-flow\">\n<h2 class=\"wp-block-heading\"><strong>U18\/A L\u00e1ny<\/strong><\/h2>\n<\/blockquote>\n\n\n\n<style>\n    table {\n        border-collapse: collapse;\n        width: 100%;\n    }\n    td, th {\n        border: 1px solid black;\n        text-align: center;\n        padding: 8px;\n        color: black; \/* Sz\u00f6veg sz\u00edne fekete *\/\n    }\n    th {\n        background-color: #f2f2f2;\n    }\n<\/style>\n\n<!-- 1. T\u00e1bl\u00e1zat -->\n<table>\n    <thead>\n        <tr>\n            <th colspan=\"2\">Radobasket T\u00f6r\u00f6kb\u00e1lint &#8211; &#8222;B&#8221; d\u00f6nt\u0151<\/th>\n        <\/tr>\n    <\/thead>\n    <tbody>\n        <tr>\n            <td>Orsz\u00e1gos<\/td>\n            <td>14 helyezett!<\/td>\n        <\/tr>\n        <tr>\n            <td colspan=\"2\">Zalakaros<\/td>\n        <\/tr>\n    <\/tbody>\n<\/table>\n<\/div>\n<\/div>\n\n\n\n<div style=\"height:calc( 0.25 * var(--wp--style--root--padding-right, var(--wp--custom--gap--horizontal)))\" aria-hidden=\"true\" class=\"wp-block-spacer\"><\/div>\n<\/div><\/div>\n\n\n\n<div class=\"wp-block-columns is-layout-flex wp-container-core-columns-is-layout-9d6595d7 wp-block-columns-is-layout-flex\">\n<div class=\"wp-block-column is-layout-flow wp-block-column-is-layout-flow\">\n<blockquote class=\"wp-block-quote is-layout-flow wp-block-quote-is-layout-flow\">\n<h2 class=\"wp-block-heading\"><strong><strong>U18\/B L\u00e1ny<\/strong><\/strong><\/h2>\n<\/blockquote>\n\n\n\n<style>\n    table {\n        border-collapse: collapse;\n        width: 100%;\n    }\n    td, th {\n        border: 1px solid black;\n        text-align: center;\n        padding: 8px;\n        color: black; \/* Sz\u00f6veg sz\u00edne fekete *\/\n    }\n    th {\n        background-color: #f2f2f2;\n    }\n<\/style>\n\n<!-- 1. T\u00e1bl\u00e1zat -->\n<table>\n    <thead>\n        <tr>\n            <th colspan=\"2\">Radobasket T\u00f6r\u00f6kb\u00e1lint &#8211; Le\u00e1ny Junior, Region\u00e1lis<\/th>\n        <\/tr>\n    <\/thead>\n    <tbody>\n        <tr>\n            <td>K\u00f6z\u00e9p csoport<\/td>\n            <td>4. helyezett!<\/td>\n        <\/tr>\n        <tr>\n            <td colspan=\"2\">Mo<\/td>\n        <\/tr>\n    <\/tbody>\n<\/table>\n<\/div>\n\n\n\n<div class=\"wp-block-column is-layout-flow wp-block-column-is-layout-flow\">\n<blockquote class=\"wp-block-quote is-layout-flow wp-block-quote-is-layout-flow\">\n<h2 class=\"wp-block-heading\"><strong><strong>U19\/A Fi\u00fa<\/strong><\/strong><\/h2>\n<\/blockquote>\n\n\n\n<style>\n    table {\n        border-collapse: collapse;\n        width: 100%;\n    }\n    td, th {\n        border: 1px solid black;\n        text-align: center;\n        padding: 8px;\n        color: black; \/* Sz\u00f6veg sz\u00edne fekete *\/\n    }\n    th {\n        background-color: #f2f2f2;\n    }\n<\/style>\n\n<!-- 1. T\u00e1bl\u00e1zat -->\n<table>\n    <thead>\n        <tr>\n            <th colspan=\"2\">Radobasket T\u00f6r\u00f6kb\u00e1lint\/A &#8211; Region\u00e1lis junior, Pest<\/th>\n        <\/tr>\n    <\/thead>\n    <tbody>\n        <tr>\n            <td>K\u00f6z\u00e9ph\u00e1z<\/td>\n            <td>1. helyezett!<\/td>\n        <\/tr>\n        <tr>\n            <td colspan=\"2\">Dunaharaszti<\/td>\n        <\/tr>\n    <\/tbody>\n<\/table>\n<\/div>\n\n\n\n<div class=\"wp-block-column is-layout-flow wp-block-column-is-layout-flow\">\n<blockquote class=\"wp-block-quote is-layout-flow wp-block-quote-is-layout-flow\">\n<h2 class=\"wp-block-heading\"><strong>U19\/B Fi\u00fa<\/strong><\/h2>\n<\/blockquote>\n\n\n\n<style>\n    table {\n        border-collapse: collapse;\n        width: 100%;\n    }\n    td, th {\n        border: 1px solid black;\n        text-align: center;\n        padding: 8px;\n        color: black; \/* Sz\u00f6veg sz\u00edne fekete *\/\n    }\n    th {\n        background-color: #f2f2f2;\n    }\n<\/style>\n\n<!-- 1. T\u00e1bl\u00e1zat -->\n<table>\n    <thead>\n        <tr>\n            <th colspan=\"2\">Radobasket T\u00f6r\u00f6kb\u00e1lint\/B &#8211; Region\u00e1lis junior, Pest<\/th>\n        <\/tr>\n    <\/thead>\n    <tbody>\n        <tr>\n            <td>Fels\u0151h\u00e1z<\/td>\n            <td>3. helyezett!<\/td>\n        <\/tr>\n        <tr>\n            <td colspan=\"2\">TBSK<\/td>\n        <\/tr>\n    <\/tbody>\n<\/table>\n<\/div>\n<\/div>\n\n\n\n<div class=\"wp-block-columns is-layout-flex wp-container-core-columns-is-layout-9d6595d7 wp-block-columns-is-layout-flex\">\n<div class=\"wp-block-column is-layout-flow wp-block-column-is-layout-flow\">\n<blockquote class=\"wp-block-quote is-layout-flow wp-block-quote-is-layout-flow\">\n<h2 class=\"wp-block-heading\"><strong><strong>U16 L\u00e1ny<\/strong><\/strong><\/h2>\n<\/blockquote>\n\n\n\n<style>\n    table {\n        border-collapse: collapse;\n        width: 100%;\n    }\n    td, th {\n        border: 1px solid black;\n        text-align: center;\n        padding: 8px;\n        color: black; \/* Sz\u00f6veg sz\u00edne fekete *\/\n    }\n    th {\n        background-color: #f2f2f2;\n    }\n<\/style>\n\n<!-- 1. T\u00e1bl\u00e1zat -->\n<table>\n    <thead>\n        <tr>\n            <th colspan=\"2\">Radobasket T\u00f6r\u00f6kb\u00e1lint &#8211; Region\u00e1lis d\u00f6nt\u0151<\/th>\n        <\/tr>\n    <\/thead>\n    <tbody>\n        <tr>\n            <td>Regio<\/td>\n            <td>2. helyezett!<\/td>\n        <\/tr>\n        <tr>\n            <td colspan=\"2\">Budapest<\/td>\n        <\/tr>\n    <\/tbody>\n<\/table>\n<\/div>\n\n\n\n<div class=\"wp-block-column is-layout-flow wp-block-column-is-layout-flow\">\n<blockquote class=\"wp-block-quote is-layout-flow wp-block-quote-is-layout-flow\">\n<h2 class=\"wp-block-heading\"><strong><strong>U16\/A Fi\u00fa<\/strong><\/strong><\/h2>\n<\/blockquote>\n\n\n\n<style>\n    table {\n        border-collapse: collapse;\n        width: 100%;\n    }\n    td, th {\n        border: 1px solid black;\n        text-align: center;\n        padding: 8px;\n        color: black; \/* Sz\u00f6veg sz\u00edne fekete *\/\n    }\n    th {\n        background-color: #f2f2f2;\n    }\n<\/style>\n\n<!-- 1. T\u00e1bl\u00e1zat -->\n<table>\n    <thead>\n        <tr>\n            <th colspan=\"2\">Radobasket T\u00f6r\u00f6kb\u00e1lint &#8211; Region\u00e1lis Fi\u00fa Kadett, Pest<\/th>\n        <\/tr>\n    <\/thead>\n    <tbody>\n        <tr>\n            <td>Fels\u0151h\u00e1z<\/td>\n            <td>3. helyezett!<\/td>\n        <\/tr>\n        <tr>\n            <td colspan=\"2\">Solym\u00e1r<\/td>\n        <\/tr>\n    <\/tbody>\n<\/table>\n<\/div>\n\n\n\n<div class=\"wp-block-column is-layout-flow wp-block-column-is-layout-flow\">\n<blockquote class=\"wp-block-quote is-layout-flow wp-block-quote-is-layout-flow\">\n<h2 class=\"wp-block-heading\"><strong>U16 Rack Auto\/B Fi\u00fa<\/strong><\/h2>\n<\/blockquote>\n\n\n\n<style>\n    table {\n        border-collapse: collapse;\n        width: 100%;\n    }\n    td, th {\n        border: 1px solid black;\n        text-align: center;\n        padding: 8px;\n        color: black; \/* Sz\u00f6veg sz\u00edne fekete *\/\n    }\n    th {\n        background-color: #f2f2f2;\n    }\n<\/style>\n\n<!-- 1. T\u00e1bl\u00e1zat -->\n<table>\n    <thead>\n        <tr>\n            <th colspan=\"2\">Radobasket Rack Auto\/B &#8211; Region\u00e1lis Fi\u00fa Kadett, Pest<\/th>\n        <\/tr>\n    <\/thead>\n    <tbody>\n        <tr>\n            <td>Als\u00f3h\u00e1z<\/td>\n            <td>5. helyezett<\/td>\n        <\/tr>\n        <tr>\n            <td colspan=\"2\">Sz\u00e1zhalombatta<\/td>\n        <\/tr>\n    <\/tbody>\n<\/table>\n<\/div>\n<\/div>\n\n\n\n<div class=\"wp-block-columns is-layout-flex wp-container-core-columns-is-layout-9d6595d7 wp-block-columns-is-layout-flex\">\n<div class=\"wp-block-column is-layout-flow wp-block-column-is-layout-flow\">\n<blockquote class=\"wp-block-quote is-layout-flow wp-block-quote-is-layout-flow\">\n<h2 class=\"wp-block-heading\"><strong><strong>U14 L\u00e1ny<\/strong><\/strong><\/h2>\n<\/blockquote>\n\n\n\n<style>\n    table {\n        border-collapse: collapse;\n        width: 100%;\n    }\n    td, th {\n        border: 1px solid black;\n        text-align: center;\n        padding: 8px;\n        color: black; \/* Sz\u00f6veg sz\u00edne fekete *\/\n    }\n    th {\n        background-color: #f2f2f2;\n    }\n<\/style>\n\n<!-- 1. T\u00e1bl\u00e1zat -->\n<table>\n    <thead>\n        <tr>\n            <th colspan=\"2\">Radobasket T\u00f6r\u00f6kb\u00e1lint &#8211; Serd\u00fcl\u0151 Bajnoks\u00e1g<\/th>\n        <\/tr>\n    <\/thead>\n    <tbody>\n        <tr>\n            <td>Csoport<\/td>\n            <td>3. helyezett!<\/td>\n        <\/tr>\n        <tr>\n            <td colspan=\"2\">Budapest<\/td>\n        <\/tr>\n    <\/tbody>\n<\/table>\n<\/div>\n\n\n\n<div class=\"wp-block-column is-layout-flow wp-block-column-is-layout-flow\">\n<blockquote class=\"wp-block-quote is-layout-flow wp-block-quote-is-layout-flow\">\n<h2 class=\"wp-block-heading\"><strong><strong>U14 Rack Auto Fi\u00fa<\/strong><\/strong><\/h2>\n<\/blockquote>\n\n\n\n<style>\n    table {\n        border-collapse: collapse;\n        width: 100%;\n    }\n    td, th {\n        border: 1px solid black;\n        text-align: center;\n        padding: 8px;\n        color: black; \/* Sz\u00f6veg sz\u00edne fekete *\/\n    }\n    th {\n        background-color: #f2f2f2;\n    }\n<\/style>\n\n<!-- 1. T\u00e1bl\u00e1zat -->\n<table>\n    <thead>\n        <tr>\n            <th colspan=\"2\">Radobasket Rack Auto &#8211; Orsz\u00e1gos Fi\u00fa Serd\u00fcl\u0151<\/th>\n        <\/tr>\n    <\/thead>\n    <tbody>\n        <tr>\n            <td>Orsz\u00e1gos Bajnoks\u00e1g<\/td>\n            <td>45. helyezett!<\/td>\n        <\/tr>\n        <tr>\n            <td colspan=\"2\">Budapest<\/td>\n        <\/tr>\n    <\/tbody>\n<\/table>\n<\/div>\n\n\n\n<div class=\"wp-block-column is-layout-flow wp-block-column-is-layout-flow\">\n<blockquote class=\"wp-block-quote is-layout-flow wp-block-quote-is-layout-flow\">\n<h2 class=\"wp-block-heading\"><strong>U11-U12 Oroszl\u00e1nok<\/strong><\/h2>\n<\/blockquote>\n\n\n\n<style>\n    table {\n        border-collapse: collapse;\n        width: 100%;\n    }\n    td, th {\n        border: 1px solid black;\n        text-align: center;\n        padding: 8px;\n        color: black; \/* Sz\u00f6veg sz\u00edne fekete *\/\n    }\n    th {\n        background-color: #f2f2f2;\n    }\n<\/style>\n\n<!-- 1. T\u00e1bl\u00e1zat -->\n<table>\n    <thead>\n        <tr>\n            <th colspan=\"2\">Pom\u00e1zi Pum\u00e1k &#8211; Radobasket Oroszl\u00e1nok\/B<\/th>\n        <\/tr>\n    <\/thead>\n    <tbody>\n        <tr>\n            <td>73<\/td>\n            <td>57<\/td>\n        <\/tr>\n        <tr>\n            <td colspan=\"2\">Telki<\/td>\n        <\/tr>\n    <\/tbody>\n<\/table>\n<\/div>\n<\/div>\n","protected":false},"excerpt":{"rendered":"<p>NB1 N\u0151i Radobasket T\u00f6r\u00f6kb\u00e1lint 7. helyezett! Budapest NB2 F\u00e9rfi Radobasket T\u00f6r\u00f6kb\u00e1lint &#8211; Nyugati csoport 7. helyezett! Tata U18\/A L\u00e1ny Radobasket T\u00f6r\u00f6kb\u00e1lint &#8211; &#8222;B&#8221; d\u00f6nt\u0151 Orsz\u00e1gos 14 helyezett! Zalakaros U18\/B L\u00e1ny Radobasket T\u00f6r\u00f6kb\u00e1lint &#8211; Le\u00e1ny Junior, Region\u00e1lis K\u00f6z\u00e9p csoport 4. helyezett! Mo U19\/A Fi\u00fa Radobasket T\u00f6r\u00f6kb\u00e1lint\/A &#8211; Region\u00e1lis junior, Pest K\u00f6z\u00e9ph\u00e1z 1. helyezett! Dunaharaszti U19\/B Fi\u00fa&#8230;<\/p>\n","protected":false},"author":1,"featured_media":0,"parent":0,"menu_order":0,"comment_status":"closed","ping_status":"closed","template":"","meta":{"footnotes":""},"class_list":["post-6613","page","type-page","status-publish","hentry"],"_links":{"self":[{"href":"https:\/\/kosar.radobasket.hu\/index.php\/wp-json\/wp\/v2\/pages\/6613","targetHints":{"allow":["GET"]}}],"collection":[{"href":"https:\/\/kosar.radobasket.hu\/index.php\/wp-json\/wp\/v2\/pages"}],"about":[{"href":"https:\/\/kosar.radobasket.hu\/index.php\/wp-json\/wp\/v2\/types\/page"}],"author":[{"embeddable":true,"href":"https:\/\/kosar.radobasket.hu\/index.php\/wp-json\/wp\/v2\/users\/1"}],"replies":[{"embeddable":true,"href":"https:\/\/kosar.radobasket.hu\/index.php\/wp-json\/wp\/v2\/comments?post=6613"}],"version-history":[{"count":1,"href":"https:\/\/kosar.radobasket.hu\/index.php\/wp-json\/wp\/v2\/pages\/6613\/revisions"}],"predecessor-version":[{"id":6615,"href":"https:\/\/kosar.radobasket.hu\/index.php\/wp-json\/wp\/v2\/pages\/6613\/revisions\/6615"}],"wp:attachment":[{"href":"https:\/\/kosar.radobasket.hu\/index.php\/wp-json\/wp\/v2\/media?parent=6613"}],"curies":[{"name":"wp","href":"https:\/\/api.w.org\/{rel}","templated":true}]}}