{"id":6618,"date":"2025-07-04T12:49:12","date_gmt":"2025-07-04T12:49:12","guid":{"rendered":"https:\/\/kosar.radobasket.hu\/?page_id=6618"},"modified":"2026-04-22T12:33:57","modified_gmt":"2026-04-22T12:33:57","slug":"kovetkezo-merkozeseink","status":"publish","type":"page","link":"https:\/\/kosar.radobasket.hu\/index.php\/kovetkezo-merkozeseink\/","title":{"rendered":"K\u00f6vetkez\u0151\u00a0M\u00e9rk\u0151z\u00e9seink"},"content":{"rendered":"\n<div class=\"wp-block-media-text alignwide is-vertically-aligned-center has-background\" style=\"background-color:#fffdea;grid-template-columns:15% auto\"><figure class=\"wp-block-media-text__media\"><img loading=\"lazy\" decoding=\"async\" width=\"373\" height=\"574\" src=\"https:\/\/kosar.radobasket.hu\/wp-content\/uploads\/2025\/01\/DALL\u00b7E-2025-01-07-00.47.19-A-highly-minimalist-basketball-themed-graphic-with-an-ultra-clean-design.-The-focus-is-on-a-simple-stylized-basketball-in-deep-yellow-orange-tones-wi-1.png\" alt=\"\" class=\"wp-image-6078 size-full\" srcset=\"https:\/\/kosar.radobasket.hu\/wp-content\/uploads\/2025\/01\/DALL\u00b7E-2025-01-07-00.47.19-A-highly-minimalist-basketball-themed-graphic-with-an-ultra-clean-design.-The-focus-is-on-a-simple-stylized-basketball-in-deep-yellow-orange-tones-wi-1.png 373w, https:\/\/kosar.radobasket.hu\/wp-content\/uploads\/2025\/01\/DALL\u00b7E-2025-01-07-00.47.19-A-highly-minimalist-basketball-themed-graphic-with-an-ultra-clean-design.-The-focus-is-on-a-simple-stylized-basketball-in-deep-yellow-orange-tones-wi-1-195x300.png 195w, https:\/\/kosar.radobasket.hu\/wp-content\/uploads\/2025\/01\/DALL\u00b7E-2025-01-07-00.47.19-A-highly-minimalist-basketball-themed-graphic-with-an-ultra-clean-design.-The-focus-is-on-a-simple-stylized-basketball-in-deep-yellow-orange-tones-wi-1-83x128.png 83w, https:\/\/kosar.radobasket.hu\/wp-content\/uploads\/2025\/01\/DALL\u00b7E-2025-01-07-00.47.19-A-highly-minimalist-basketball-themed-graphic-with-an-ultra-clean-design.-The-focus-is-on-a-simple-stylized-basketball-in-deep-yellow-orange-tones-wi-1-21x32.png 21w, https:\/\/kosar.radobasket.hu\/wp-content\/uploads\/2025\/01\/DALL\u00b7E-2025-01-07-00.47.19-A-highly-minimalist-basketball-themed-graphic-with-an-ultra-clean-design.-The-focus-is-on-a-simple-stylized-basketball-in-deep-yellow-orange-tones-wi-1-64x98.png 64w, https:\/\/kosar.radobasket.hu\/wp-content\/uploads\/2025\/01\/DALL\u00b7E-2025-01-07-00.47.19-A-highly-minimalist-basketball-themed-graphic-with-an-ultra-clean-design.-The-focus-is-on-a-simple-stylized-basketball-in-deep-yellow-orange-tones-wi-1-16x24.png 16w, https:\/\/kosar.radobasket.hu\/wp-content\/uploads\/2025\/01\/DALL\u00b7E-2025-01-07-00.47.19-A-highly-minimalist-basketball-themed-graphic-with-an-ultra-clean-design.-The-focus-is-on-a-simple-stylized-basketball-in-deep-yellow-orange-tones-wi-1-23x36.png 23w, https:\/\/kosar.radobasket.hu\/wp-content\/uploads\/2025\/01\/DALL\u00b7E-2025-01-07-00.47.19-A-highly-minimalist-basketball-themed-graphic-with-an-ultra-clean-design.-The-focus-is-on-a-simple-stylized-basketball-in-deep-yellow-orange-tones-wi-1-31x48.png 31w\" sizes=\"auto, (max-width: 373px) 100vw, 373px\" \/><\/figure><div class=\"wp-block-media-text__content\">\n<div class=\"wp-block-group\" style=\"padding-top:2em;padding-right:2em;padding-bottom:2em;padding-left:2em\"><div class=\"wp-block-group__inner-container is-layout-flow wp-block-group-is-layout-flow\">\n<p><strong>2026.04.20. &#8211; h\u00e9tf\u0151 &#8211; Monor, Sportcsarnok<\/strong><\/p>\n\n\n\n<p>18.00 &#8211; Monori SE &#8211; Radobasket\/A &#8211;&nbsp;<strong>U19 fi\u00fa<\/strong><\/p>\n\n\n\n<p>&#8212;&#8212;&#8212;&#8212;&#8212;&#8212;&#8212;&#8212;&#8212;&#8212;&#8212;&#8212;&#8212;&#8212;&#8212;&#8212;&#8212;&#8212;&#8212;&#8212;&#8212;-<\/p>\n\n\n\n<p><strong>2026.04.20. &#8211; h\u00e9tf\u0151 &#8211; Herman<\/strong><\/p>\n\n\n\n<p>18.50 &#8211; Pilis Basket &#8211; Radobasket\/B &#8211;&nbsp;<strong>U16 fi\u00fa<\/strong><\/p>\n\n\n\n<p>&#8212;&#8212;&#8212;&#8212;&#8212;&#8212;&#8212;&#8212;&#8212;&#8212;&#8212;&#8212;&#8212;&#8212;&#8212;&#8212;&#8212;&#8212;&#8212;&#8212;&#8212;<\/p>\n\n\n\n<p><strong>2026.04.22. &#8211; szerda &#8211; P\u00e9cs, Szamosi Sp.cs.<\/strong><\/p>\n\n\n\n<p>15.15 &#8211; PVSK &#8211; Radobasket &#8211;&nbsp;<strong>U16 l\u00e1ny<\/strong><\/p>\n\n\n\n<p>&#8212;&#8212;&#8212;&#8212;&#8212;&#8212;&#8212;&#8212;&#8212;&#8212;&#8212;&#8212;&#8212;&#8212;&#8212;&#8212;&#8212;&#8212;&#8212;&#8212;-<\/p>\n\n\n\n<p><strong>2026.04.22. &#8211; szerda &#8211; Monor, Sportcsarnok<\/strong><\/p>\n\n\n\n<p>17.30 &#8211; Monori SE &#8211; Radobasket\/A &#8211;&nbsp;<strong>U16 fi\u00fa<\/strong><\/p>\n\n\n\n<p>&#8212;&#8212;&#8212;&#8212;&#8212;&#8212;&#8212;&#8212;&#8212;&#8212;&#8212;&#8212;&#8212;&#8212;&#8212;&#8212;&#8212;&#8212;&#8212;&#8212;<\/p>\n\n\n\n<p><strong>2026.04.25. &#8211; szombat &#8211; BIT, Biatorb\u00e1gy<\/strong><\/p>\n\n\n\n<p>13.15 &#8211; BL Basket &#8211; Radobasket BDSE &#8211;&nbsp;<strong>U16 fi\u00fa<\/strong><\/p>\n\n\n\n<p>&#8212;&#8212;&#8212;&#8212;&#8212;&#8212;&#8212;&#8212;&#8212;&#8212;&#8212;&#8212;&#8212;&#8212;&#8212;&#8212;&#8212;&#8212;&#8212;&#8211;<\/p>\n\n\n\n<p><strong>2026.04.25. &#8211; szombat &#8211;&nbsp;<a href=\"http:\/\/1.sz\/\">1.sz<\/a>, Buda\u00f6rs<\/strong><\/p>\n\n\n\n<p>14.00 &#8211; Radobasket BDSE &#8211; VMG DSE &#8211;&nbsp;<strong>U19 fi\u00fa<\/strong><\/p>\n\n\n\n<p>16.00 &#8211; Radobasket Rack Auto\/B &#8211; Waldorfia &#8211;&nbsp;<strong>U14 fi\u00fa<\/strong><\/p>\n\n\n\n<p>18.00 &#8211; Radobasket Csepel &#8211; BEAC Budafok &#8211;&nbsp;<strong>Bp n\u0151i<\/strong><\/p>\n\n\n\n<p>&#8212;&#8212;&#8212;&#8212;&#8212;&#8212;&#8212;&#8212;&#8212;&#8212;&#8212;&#8212;&#8212;&#8212;&#8212;&#8212;&#8212;&#8212;&#8212;-<\/p>\n\n\n\n<p><strong>2026.04.25. &#8211; szombat &#8211; Solym\u00e1r, F\u00e9szek<\/strong><\/p>\n\n\n\n<p>18.00 &#8211; Parthus SE &#8211; Radobasket\/A &#8211;&nbsp;<strong>U19 fi\u00fa<\/strong><\/p>\n\n\n\n<p>&#8212;&#8212;&#8212;&#8212;&#8212;&#8212;&#8212;&#8212;&#8212;&#8212;&#8212;&#8212;&#8212;&#8212;&#8212;&#8212;&#8212;&#8212;&#8212;<\/p>\n\n\n\n<p><strong>2026.04.25. &#8211; szombat &#8211; U12-es fordul\u00f3<\/strong> <strong>Herman, Buda\u00f6rs<\/strong><\/p>\n\n\n\n<p>14.30 &#8211; Gy\u00f6mr\u0151i FTSE &#8211; Radobasket Oroszl\u00e1nok\/B<\/p>\n\n\n\n<p>16.00 vagy 17.30 &#8211; m\u00e1sodik m\u00e9rk\u0151z\u00e9s<\/p>\n\n\n\n<p>&#8212;&#8212;&#8212;&#8212;&#8212;&#8212;&#8212;&#8212;&#8212;&#8212;&#8212;&#8212;&#8212;&#8212;&#8212;&#8212;&#8212;&#8212;-<\/p>\n\n\n\n<p><strong>2026.04.26. &#8211; vas\u00e1rnap &#8211; TBSK<\/strong><\/p>\n\n\n\n<p>14.30 &#8211; Radobasket\/A &#8211; Beszterce &#8211;&nbsp;<strong>U19 fi\u00fa<\/strong><\/p>\n\n\n\n<p>&#8212;&#8212;&#8212;&#8212;&#8212;&#8212;&#8212;&#8212;&#8212;&#8212;&#8212;&#8212;&#8212;&#8212;&#8212;&#8212;&#8212;&#8212;-<\/p>\n\n\n\n<p><strong>2026.04.26. &#8211; vas\u00e1rnap &#8211; U12-es fordul\u00f3<\/strong> <strong>Herman, Buda\u00f6rs<\/strong><\/p>\n\n\n\n<p>9.00 &#8211; G\u00f6di G\u00f6d\u00e9nyek &#8211; Radobasket Oroszl\u00e1nok\/A<\/p>\n\n\n\n<p>12.00 &#8211; Radobasket Oroszl\u00e1nok\/A &#8211; BL Basket fi\u00fa vegyes<\/p>\n\n\n\n<p>&#8212;&#8212;&#8212;&#8212;&#8212;&#8212;&#8212;&#8212;&#8212;&#8212;&#8212;&#8212;&#8212;&#8212;&#8212;&#8212;&#8212;&#8212;<\/p>\n\n\n\n<p><strong>2026.04.27. &#8211; h\u00e9tf\u0151 &#8211; Salg\u00f3tarj\u00e1n, Sportcsarnok<\/strong><\/p>\n\n\n\n<p>17.00 &#8211; Beszterce &#8211; Radobasket\/A &#8211;&nbsp;<strong>U16 fi\u00fa<\/strong><\/p>\n\n\n\n<p>&#8212;&#8212;&#8212;&#8212;&#8212;&#8212;&#8212;&#8212;&#8212;&#8212;&#8212;&#8212;&#8212;&#8212;&#8212;&#8212;&#8212;&#8211;<\/p>\n\n\n\n<p><strong>2026.04.27. &#8211; h\u00e9tf\u0151 &#8211; Herman, Buda\u00f6rs<\/strong><\/p>\n\n\n\n<p>Radobasket\/B &#8211; BKG DSE &#8211;&nbsp;<strong>U16 fi\u00fa<\/strong><\/p>\n\n\n\n<p>&#8212;&#8212;&#8212;&#8212;&#8212;&#8212;&#8212;&#8212;&#8212;&#8212;&#8212;&#8212;&#8212;&#8212;&#8212;&#8212;&#8212;-<\/p>\n\n\n\n<p><strong>2026.04.27. &#8211; h\u00e9tf\u0151 &#8211; TBSK<\/strong><\/p>\n\n\n\n<p>18.50 &#8211; Radobasket T\u00f6r\u00f6kb\u00e1lint &#8211; K\u00f6zg\u00e1z\/B &#8211;&nbsp;<strong>NB2 fi\u00fa<\/strong><\/p>\n\n\n\n<p>&#8212;&#8212;&#8212;&#8212;&#8212;&#8212;&#8212;&#8212;&#8212;&#8212;&#8212;&#8212;&#8212;&#8212;&#8212;&#8212;&#8212;<\/p>\n<\/div><\/div>\n<\/div><\/div>\n\n\n\n<p><\/p>\n","protected":false},"excerpt":{"rendered":"2026.04.20. - h\u00e9tf\u0151 - Monor, Sportcsarnok 18.00 - Monori SE - Radobasket\/A -&nbsp;U19 fi\u00fa ---------------------------------------------------------------- 2026.04.20. - h\u00e9tf\u0151 - Herman 18.50 - Pilis Basket - Radobasket\/B -&nbsp;U16 fi\u00fa --------------------------------------------------------------- 2026.04.22. - szerda - P\u00e9cs, Szamosi Sp.cs. 15.15 - PVSK - Radobasket -&nbsp;U16 l\u00e1ny ------------------------------------------------------------- 2026.04.22. - szerda - Monor, Sportcsarnok 17.30 - Monori SE -...","protected":false},"author":1,"featured_media":0,"parent":0,"menu_order":0,"comment_status":"closed","ping_status":"closed","template":"","meta":{"footnotes":""},"class_list":["post-6618","page","type-page","status-publish","hentry"],"_links":{"self":[{"href":"https:\/\/kosar.radobasket.hu\/index.php\/wp-json\/wp\/v2\/pages\/6618","targetHints":{"allow":["GET"]}}],"collection":[{"href":"https:\/\/kosar.radobasket.hu\/index.php\/wp-json\/wp\/v2\/pages"}],"about":[{"href":"https:\/\/kosar.radobasket.hu\/index.php\/wp-json\/wp\/v2\/types\/page"}],"author":[{"embeddable":true,"href":"https:\/\/kosar.radobasket.hu\/index.php\/wp-json\/wp\/v2\/users\/1"}],"replies":[{"embeddable":true,"href":"https:\/\/kosar.radobasket.hu\/index.php\/wp-json\/wp\/v2\/comments?post=6618"}],"version-history":[{"count":27,"href":"https:\/\/kosar.radobasket.hu\/index.php\/wp-json\/wp\/v2\/pages\/6618\/revisions"}],"predecessor-version":[{"id":7185,"href":"https:\/\/kosar.radobasket.hu\/index.php\/wp-json\/wp\/v2\/pages\/6618\/revisions\/7185"}],"wp:attachment":[{"href":"https:\/\/kosar.radobasket.hu\/index.php\/wp-json\/wp\/v2\/media?parent=6618"}],"curies":[{"name":"wp","href":"https:\/\/api.w.org\/{rel}","templated":true}]}}