{"id":764,"date":"2016-05-12T06:50:00","date_gmt":"2016-05-12T06:50:00","guid":{"rendered":"http:\/\/basketball.stylemixthemes.com\/?page_id=764"},"modified":"2018-09-19T08:32:48","modified_gmt":"2018-09-19T08:32:48","slug":"media","status":"publish","type":"page","link":"https:\/\/kosar.radobasket.hu\/index.php\/media\/","title":{"rendered":"Media"},"content":{"rendered":"<div class=\"wpb-content-wrapper\"><p>[vc_row css=&#8221;.vc_custom_1490630422371{margin-top: -90px !important;}&#8221;][vc_column][stm_media_archive][\/vc_column][\/vc_row][vc_row full_width=&#8221;stretch_row&#8221; css=&#8221;.vc_custom_1462188948406{margin-bottom: 0px !important;padding-top: 53px !important;padding-bottom: 47px !important;background-color: #000000 !important;}&#8221;][vc_column css=&#8221;.vc_custom_1461760085996{padding-top: 0px !important;}&#8221;][vc_column_text css=&#8221;.vc_custom_1537345966757{margin-bottom: 0px !important;}&#8221;]<\/p>\n<h3 style=\"text-align: center; letter-spacing: 2px;\"><span style=\"color: #ffffff;\">A RADO csal\u00e1d t\u00e9ged is v\u00e1r<\/span>\u00a0<span class=\"stm-red\">l\u00e9pj be k\u00f6z\u00e9nk!<\/span><\/h3>\n<p>[\/vc_column_text][\/vc_column][\/vc_row]<\/p>\n<\/div>","protected":false},"excerpt":{"rendered":"<p>[vc_row css=&#8221;.vc_custom_1490630422371{margin-top: -90px !important;}&#8221;][vc_column][stm_media_archive][\/vc_column][\/vc_row][vc_row full_width=&#8221;stretch_row&#8221; css=&#8221;.vc_custom_1462188948406{margin-bottom: 0px !important;padding-top: 53px !important;padding-bottom: 47px !important;background-color: #000000 !important;}&#8221;][vc_column css=&#8221;.vc_custom_1461760085996{padding-top: 0px !important;}&#8221;][vc_column_text css=&#8221;.vc_custom_1537345966757{margin-bottom: 0px !important;}&#8221;] A RADO csal\u00e1d t\u00e9ged is v\u00e1r\u00a0l\u00e9pj be k\u00f6z\u00e9nk! [\/vc_column_text][\/vc_column][\/vc_row]<\/p>\n","protected":false},"author":1,"featured_media":0,"parent":0,"menu_order":0,"comment_status":"closed","ping_status":"closed","template":"","meta":{"footnotes":""},"class_list":["post-764","page","type-page","status-publish","hentry"],"_links":{"self":[{"href":"https:\/\/kosar.radobasket.hu\/index.php\/wp-json\/wp\/v2\/pages\/764","targetHints":{"allow":["GET"]}}],"collection":[{"href":"https:\/\/kosar.radobasket.hu\/index.php\/wp-json\/wp\/v2\/pages"}],"about":[{"href":"https:\/\/kosar.radobasket.hu\/index.php\/wp-json\/wp\/v2\/types\/page"}],"author":[{"embeddable":true,"href":"https:\/\/kosar.radobasket.hu\/index.php\/wp-json\/wp\/v2\/users\/1"}],"replies":[{"embeddable":true,"href":"https:\/\/kosar.radobasket.hu\/index.php\/wp-json\/wp\/v2\/comments?post=764"}],"version-history":[{"count":5,"href":"https:\/\/kosar.radobasket.hu\/index.php\/wp-json\/wp\/v2\/pages\/764\/revisions"}],"predecessor-version":[{"id":4371,"href":"https:\/\/kosar.radobasket.hu\/index.php\/wp-json\/wp\/v2\/pages\/764\/revisions\/4371"}],"wp:attachment":[{"href":"https:\/\/kosar.radobasket.hu\/index.php\/wp-json\/wp\/v2\/media?parent=764"}],"curies":[{"name":"wp","href":"https:\/\/api.w.org\/{rel}","templated":true}]}}